{"id":27,"date":"2020-03-22T21:01:28","date_gmt":"2020-03-22T20:01:28","guid":{"rendered":"http:\/\/michelgerard.deghorain.com\/?page_id=27"},"modified":"2020-05-01T23:05:44","modified_gmt":"2020-05-01T21:05:44","slug":"michel-gerard-depute-des-etats-generaux","status":"publish","type":"page","link":"https:\/\/michelgerard.deghorain.com\/index.php\/michel-gerard-depute-des-etats-generaux\/","title":{"rendered":"Michel G\u00e9rard"},"content":{"rendered":"\n<div class=\"wp-block-group\"><div class=\"wp-block-group__inner-container is-layout-flow wp-block-group-is-layout-flow\">\n<div class=\"wp-block-image\"><figure class=\"alignleft size-large is-resized\"><img loading=\"lazy\" decoding=\"async\" src=\"http:\/\/michelgerard.deghorain.com\/wp-content\/uploads\/2020\/03\/100Fi457_Pe\u0300re_Ge\u0301rard-1-650x1024.jpg\" alt=\"\" class=\"wp-image-28\" width=\"273\" height=\"429\" srcset=\"https:\/\/michelgerard.deghorain.com\/wp-content\/uploads\/2020\/03\/100Fi457_Pe\u0300re_Ge\u0301rard-1-650x1024.jpg 650w, https:\/\/michelgerard.deghorain.com\/wp-content\/uploads\/2020\/03\/100Fi457_Pe\u0300re_Ge\u0301rard-1-191x300.jpg 191w, https:\/\/michelgerard.deghorain.com\/wp-content\/uploads\/2020\/03\/100Fi457_Pe\u0300re_Ge\u0301rard-1-768x1209.jpg 768w, https:\/\/michelgerard.deghorain.com\/wp-content\/uploads\/2020\/03\/100Fi457_Pe\u0300re_Ge\u0301rard-1-976x1536.jpg 976w, https:\/\/michelgerard.deghorain.com\/wp-content\/uploads\/2020\/03\/100Fi457_Pe\u0300re_Ge\u0301rard-1.jpg 1050w\" sizes=\"auto, (max-width: 273px) 100vw, 273px\" \/><\/figure><\/div>\n\n\n\n<p>D\u00e9put\u00e9 en 1789, n\u00e9 \u00e0 Saint-Martin (Ille-et-Vilaine) le 2 juillet 1737, mort \u00e0 <strong>Montgermont<\/strong> (Ille-et-Vilaine) le 6 d\u00e9cembre 1815, d&rsquo;une famille de cultivateurs et d&rsquo;ouvriers ais\u00e9s de la paroisse Saint-Martin des Vignes au faubourg de Rennes, il \u00e9tait \u00ab fils d&rsquo;honorable homme Michel G\u00e9rard et de dame Marie Noblet \u00bb.<\/p>\n<\/div><\/div>\n\n\n\n<p>Lui-m\u00eame \u00e9tait cultivateur \u00e0 <strong>Tuel-en-Montgermont<\/strong> et tr\u00e8s populaire dans la contr\u00e9e, quand il fut \u00e9lu (17 avril 1789) par la s\u00e9n\u00e9chauss\u00e9e de Rennes d\u00e9put\u00e9 du tiers aux Etats-G\u00e9n\u00e9raux. Il se rendit \u00e0 Versailles, si\u00e9gea dans l&rsquo;Assembl\u00e9e en habit de laboureur et fut, sous le nom de P\u00e8re G\u00e9rard, un des types l\u00e9gendaires de la Constituante, bien qu&rsquo;en somme son influence personnelle ait \u00e9t\u00e9 faible et qu&rsquo;il n&rsquo;ait pris que peu de part aux d\u00e9lib\u00e9rations. Mais son costume eut un vif succ\u00e8s, et les Jacobins, dont il faisait partie, prirent de lui la veste et les cheveux plats.<\/p>\n\n\n\n<p>Dans le d\u00e9fil\u00e9 g\u00e9n\u00e9ral de la d\u00e9putation rendant visite au roi Michel G\u00e9rard attira l&rsquo;attention de Louis XVI, qui lui dit : \u00ab Bonjour, mon bonhomme. \u00bb \u00ab A partir de ce jour, \u00e9crit M. R. Kerviler, il fut de bonne prise pour la chronique et pour les chroniqueurs. \u00bb Collot d&rsquo;Herbois lui emprunta son nom pour publier, en 1792, le c\u00e9l\u00e8bre Almanach du P\u00e8re G\u00e9rard, qui eut dans l&rsquo;ann\u00e9e plusieurs \u00e9ditions et dont le titre a \u00e9t\u00e9 repris de nos jours par un journal destin\u00e9 aux campagnes. Des pamphlets royalistes furent aussi publi\u00e9s sous son nom, comme si des deux c\u00f4t\u00e9s on e\u00fbt voulu s&rsquo;approprier sa personne.<\/p>\n\n\n\n<p>G\u00e9rard suivit g\u00e9n\u00e9ralement dans ses votes les inspirations de Lechapelier. Il aborda parfois la tribune : le 11 d\u00e9cembre 1789, pour demander la suppression des droits de d\u00e9tail sur les vins et eaux-de-vie, et non de b\u00e9tail, comme l&rsquo;ont imprim\u00e9 les Tables du Moniteur ; le 1er mars 1790, pour r\u00e9clamer l&rsquo;abolition des droits des banalit\u00e9s ; le 22 juin, pour proposer la suspension de l&rsquo;indemnit\u00e9 des d\u00e9put\u00e9s absents, etc. Il proposa aussi une augmentation du traitement des cur\u00e9s de campagne ; enfin, lors de la r\u00e9vision de la Constitution, il vota pour que nul ne f\u00fbt \u00e9lecteur qu&rsquo;\u00e0 la condition de payer une imposition \u00e9quivalente \u00e0 quarante journ\u00e9es de travail. Les opinions du p\u00e8re G\u00e9rard \u00e9taient avidement recueillies par la chronique, et le th\u00e9\u00e2tre m\u00eame s&#8217;empara de son personnage.Le Retour du p\u00e8re G\u00e9rard \u00e0 sa ferme, com\u00e9die en un acte et en prose, fut repr\u00e9sent\u00e9 \u00e0 Paris sur le th\u00e9\u00e2tre de Moli\u00e8re, le 31 octobre 1791. Apr\u00e8s la session, Michel G\u00e9rard ne joua plus aucun r\u00f4le politique. Il se retira \u00e0 <strong>Montgermont<\/strong>, o\u00f9 il mourut en 1815.<\/p>\n\n\n\n<p class=\"has-medium-font-size\"><strong>Ban de mariage et Mariage \u00e0 Montgermont, le 22 avril 1781<\/strong><\/p>\n\n\n\n<figure class=\"wp-block-image size-large\"><img loading=\"lazy\" decoding=\"async\" width=\"1024\" height=\"768\" src=\"http:\/\/michelgerard.deghorain.com\/wp-content\/uploads\/2020\/03\/FRAD35_80_10NUM_35189_00106_0004-1024x768.jpg\" alt=\"\" class=\"wp-image-50\" srcset=\"https:\/\/michelgerard.deghorain.com\/wp-content\/uploads\/2020\/03\/FRAD35_80_10NUM_35189_00106_0004-1024x768.jpg 1024w, https:\/\/michelgerard.deghorain.com\/wp-content\/uploads\/2020\/03\/FRAD35_80_10NUM_35189_00106_0004-300x225.jpg 300w, https:\/\/michelgerard.deghorain.com\/wp-content\/uploads\/2020\/03\/FRAD35_80_10NUM_35189_00106_0004-768x576.jpg 768w, https:\/\/michelgerard.deghorain.com\/wp-content\/uploads\/2020\/03\/FRAD35_80_10NUM_35189_00106_0004-1536x1152.jpg 1536w, https:\/\/michelgerard.deghorain.com\/wp-content\/uploads\/2020\/03\/FRAD35_80_10NUM_35189_00106_0004.jpg 2048w\" sizes=\"auto, (max-width: 1024px) 100vw, 1024px\" \/><figcaption>Archives d\u00e9partementales d\u2019Ille-et-Vilaine, cote 10 NUM 35189 106<\/figcaption><\/figure>\n\n\n\n<p class=\"has-medium-font-size\"><strong>Acte de d\u00e9c\u00e8s \u00e0 Montgermont, le 6 d\u00e9cembre 1815<\/strong><\/p>\n\n\n\n<figure class=\"wp-block-image size-large\"><img loading=\"lazy\" decoding=\"async\" width=\"946\" height=\"458\" src=\"http:\/\/michelgerard.deghorain.com\/wp-content\/uploads\/2020\/04\/Capture-d\u2019e\u0301cran-2020-04-19-a\u0300-21.14.32.png\" alt=\"\" class=\"wp-image-92\" srcset=\"https:\/\/michelgerard.deghorain.com\/wp-content\/uploads\/2020\/04\/Capture-d\u2019e\u0301cran-2020-04-19-a\u0300-21.14.32.png 946w, https:\/\/michelgerard.deghorain.com\/wp-content\/uploads\/2020\/04\/Capture-d\u2019e\u0301cran-2020-04-19-a\u0300-21.14.32-300x145.png 300w, https:\/\/michelgerard.deghorain.com\/wp-content\/uploads\/2020\/04\/Capture-d\u2019e\u0301cran-2020-04-19-a\u0300-21.14.32-768x372.png 768w\" sizes=\"auto, (max-width: 946px) 100vw, 946px\" \/><figcaption>Archives d\u00e9partementales d\u2019Ille-et-Vilaine, cote 10 NUM 35189 562<\/figcaption><\/figure>\n","protected":false},"excerpt":{"rendered":"<p>D\u00e9put\u00e9 en 1789, n\u00e9 \u00e0 Saint-Martin (Ille-et-Vilaine) le 2 juillet 1737, mort \u00e0 Montgermont (Ille-et-Vilaine) le 6 d\u00e9cembre 1815, d&rsquo;une famille de cultivateurs et d&rsquo;ouvriers ais\u00e9s de la paroisse Saint-Martin des Vignes au faubourg de Rennes, il \u00e9tait \u00ab fils d&rsquo;honorable homme Michel G\u00e9rard et de dame Marie Noblet \u00bb. Lui-m\u00eame \u00e9tait cultivateur \u00e0 Tuel-en-Montgermont [&hellip;]<\/p>\n","protected":false},"author":1,"featured_media":0,"parent":0,"menu_order":0,"comment_status":"closed","ping_status":"closed","template":"","meta":{"footnotes":""},"class_list":["post-27","page","type-page","status-publish","hentry"],"_links":{"self":[{"href":"https:\/\/michelgerard.deghorain.com\/index.php\/wp-json\/wp\/v2\/pages\/27","targetHints":{"allow":["GET"]}}],"collection":[{"href":"https:\/\/michelgerard.deghorain.com\/index.php\/wp-json\/wp\/v2\/pages"}],"about":[{"href":"https:\/\/michelgerard.deghorain.com\/index.php\/wp-json\/wp\/v2\/types\/page"}],"author":[{"embeddable":true,"href":"https:\/\/michelgerard.deghorain.com\/index.php\/wp-json\/wp\/v2\/users\/1"}],"replies":[{"embeddable":true,"href":"https:\/\/michelgerard.deghorain.com\/index.php\/wp-json\/wp\/v2\/comments?post=27"}],"version-history":[{"count":4,"href":"https:\/\/michelgerard.deghorain.com\/index.php\/wp-json\/wp\/v2\/pages\/27\/revisions"}],"predecessor-version":[{"id":156,"href":"https:\/\/michelgerard.deghorain.com\/index.php\/wp-json\/wp\/v2\/pages\/27\/revisions\/156"}],"wp:attachment":[{"href":"https:\/\/michelgerard.deghorain.com\/index.php\/wp-json\/wp\/v2\/media?parent=27"}],"curies":[{"name":"wp","href":"https:\/\/api.w.org\/{rel}","templated":true}]}}