{"id":18,"date":"2020-03-22T20:54:30","date_gmt":"2020-03-22T19:54:30","guid":{"rendered":"http:\/\/michelgerard.deghorain.com\/?page_id=18"},"modified":"2020-05-02T16:19:58","modified_gmt":"2020-05-02T14:19:58","slug":"trombinoscope","status":"publish","type":"page","link":"https:\/\/michelgerard.deghorain.com\/index.php\/trombinoscope\/","title":{"rendered":"Les voisins"},"content":{"rendered":"\n<p>Sur une id\u00e9e d\u2019Aur\u00e9lie Lerebourg, ce trombinoscope rassemble les frimousses de la communaut\u00e9 de Michel G\u00e9rard. Il permet de mettre des visages sur des noms, et \u00e9ventuellement de faire plus ample connaissance avant la f\u00eate des voisins post-confinement ! \ud83d\ude09<\/p>\n\n\n\n<blockquote class=\"wp-block-quote has-text-align-right is-layout-flow wp-block-quote-is-layout-flow\"><p><em>C\u2019est cool! Il y a du monde dans le groupe WhatsApp des voisins! On  ne conna\u00eet pas tout le monde, et en attendant une vraie pr\u00e9sentation, une petite id\u00e9e pour essayer de situer chacun: une sorte de trombinoscope par famille avec adresse et num\u00e9ros ?<\/em><\/p><cite>Aur\u00e9lie Lerebourg<\/cite><\/blockquote>\n\n\n\n<p>Si vous souhaitez vous afficher dans ce trombinoscope, et ce serait chouette pour apprendre \u00e0 faire connaissance, inscrivez-vous ici : <a rel=\"noreferrer noopener\" href=\"https:\/\/forms.gle\/G3zDgtpKV9XdAh6z6\" target=\"_blank\">https:\/\/forms.gle\/G3zDgtpKV9XdAh6z6<\/a><\/p>\n\n\n\n<p class=\"has-normal-font-size\">Nos amies les b\u00eates ont aussi leur trombinoscope : <a href=\"http:\/\/michelgerard.deghorain.com\/index.php\/trombinoscope\/les-chats-du-village\/\">Les chats du village<\/a> ! <\/p>\n\n\n\n<figure class=\"wp-block-gallery columns-3 is-cropped wp-block-gallery-1 is-layout-flex wp-block-gallery-is-layout-flex\"><ul class=\"blocks-gallery-grid\"><li class=\"blocks-gallery-item\"><figure><a href=\"http:\/\/michelgerard.deghorain.com\/wp-content\/uploads\/2020\/03\/aurelie.jpg\"><img loading=\"lazy\" decoding=\"async\" width=\"265\" height=\"265\" src=\"http:\/\/michelgerard.deghorain.com\/wp-content\/uploads\/2020\/03\/aurelie.jpg\" alt=\"\" data-id=\"15\" data-link=\"http:\/\/michelgerard.deghorain.com\/index.php\/lidee-dun-voisinage\/aurelie\/\" class=\"wp-image-15\" srcset=\"https:\/\/michelgerard.deghorain.com\/wp-content\/uploads\/2020\/03\/aurelie.jpg 265w, https:\/\/michelgerard.deghorain.com\/wp-content\/uploads\/2020\/03\/aurelie-150x150.jpg 150w\" sizes=\"auto, (max-width: 265px) 100vw, 265px\" \/><\/a><figcaption class=\"blocks-gallery-item__caption\">Aur\u00e9lie LEREBOURG, Gonery HUON et Evan<br>23 rue Michel G\u00e9rard<\/figcaption><\/figure><\/li><li class=\"blocks-gallery-item\"><figure><a href=\"http:\/\/michelgerard.deghorain.com\/wp-content\/uploads\/2020\/03\/hcl.jpg\"><img loading=\"lazy\" decoding=\"async\" width=\"937\" height=\"937\" src=\"http:\/\/michelgerard.deghorain.com\/wp-content\/uploads\/2020\/03\/hcl.jpg\" alt=\"\" data-id=\"13\" data-link=\"http:\/\/michelgerard.deghorain.com\/index.php\/lidee-dun-voisinage\/hcl\/\" class=\"wp-image-13\" srcset=\"https:\/\/michelgerard.deghorain.com\/wp-content\/uploads\/2020\/03\/hcl.jpg 937w, https:\/\/michelgerard.deghorain.com\/wp-content\/uploads\/2020\/03\/hcl-300x300.jpg 300w, https:\/\/michelgerard.deghorain.com\/wp-content\/uploads\/2020\/03\/hcl-150x150.jpg 150w, https:\/\/michelgerard.deghorain.com\/wp-content\/uploads\/2020\/03\/hcl-768x768.jpg 768w\" sizes=\"auto, (max-width: 937px) 100vw, 937px\" \/><\/a><figcaption class=\"blocks-gallery-item__caption\">Hugues, Lison et Cl\u00e9ment DEGHORAIN<br>25 bis rue Michel G\u00e9rard<\/figcaption><\/figure><\/li><li class=\"blocks-gallery-item\"><figure><a href=\"http:\/\/michelgerard.deghorain.com\/wp-content\/uploads\/2020\/04\/solena-1024x1024.jpeg\"><img loading=\"lazy\" decoding=\"async\" width=\"1024\" height=\"1024\" src=\"http:\/\/michelgerard.deghorain.com\/wp-content\/uploads\/2020\/04\/solena-1024x1024.jpeg\" alt=\"\" data-id=\"100\" data-link=\"http:\/\/michelgerard.deghorain.com\/solena\/\" class=\"wp-image-100\" srcset=\"https:\/\/michelgerard.deghorain.com\/wp-content\/uploads\/2020\/04\/solena-1024x1024.jpeg 1024w, https:\/\/michelgerard.deghorain.com\/wp-content\/uploads\/2020\/04\/solena-300x300.jpeg 300w, https:\/\/michelgerard.deghorain.com\/wp-content\/uploads\/2020\/04\/solena-150x150.jpeg 150w, https:\/\/michelgerard.deghorain.com\/wp-content\/uploads\/2020\/04\/solena-768x768.jpeg 768w, https:\/\/michelgerard.deghorain.com\/wp-content\/uploads\/2020\/04\/solena.jpeg 1200w\" sizes=\"auto, (max-width: 1024px) 100vw, 1024px\" \/><\/a><figcaption class=\"blocks-gallery-item__caption\">Nicolas, Solena, Aleyna, Livia et Flore BIDEAU\/BRAVO-PINTO<br>17 rue Michel G\u00e9rard<\/figcaption><\/figure><\/li><li class=\"blocks-gallery-item\"><figure><a href=\"http:\/\/michelgerard.deghorain.com\/wp-content\/uploads\/2020\/04\/robillard-1.jpeg\"><img loading=\"lazy\" decoding=\"async\" width=\"960\" height=\"960\" src=\"http:\/\/michelgerard.deghorain.com\/wp-content\/uploads\/2020\/04\/robillard-1.jpeg\" alt=\"\" data-id=\"107\" data-link=\"http:\/\/michelgerard.deghorain.com\/index.php\/trombinoscope\/robillard-1\/\" class=\"wp-image-107\" srcset=\"https:\/\/michelgerard.deghorain.com\/wp-content\/uploads\/2020\/04\/robillard-1.jpeg 960w, https:\/\/michelgerard.deghorain.com\/wp-content\/uploads\/2020\/04\/robillard-1-300x300.jpeg 300w, https:\/\/michelgerard.deghorain.com\/wp-content\/uploads\/2020\/04\/robillard-1-150x150.jpeg 150w, https:\/\/michelgerard.deghorain.com\/wp-content\/uploads\/2020\/04\/robillard-1-768x768.jpeg 768w\" sizes=\"auto, (max-width: 960px) 100vw, 960px\" \/><\/a><figcaption class=\"blocks-gallery-item__caption\">St\u00e9phanie, Maxine, Julien et Cl\u00e9mentine ROBILLARD<br>19 rue Michel G\u00e9rard<\/figcaption><\/figure><\/li><li class=\"blocks-gallery-item\"><figure><a href=\"http:\/\/michelgerard.deghorain.com\/wp-content\/uploads\/2020\/04\/A0FDAA41-CAC7-487C-89E2-53926E992504-Typhaine-FARAUS-1.jpeg\"><img loading=\"lazy\" decoding=\"async\" width=\"1024\" height=\"1024\" src=\"http:\/\/michelgerard.deghorain.com\/wp-content\/uploads\/2020\/04\/A0FDAA41-CAC7-487C-89E2-53926E992504-Typhaine-FARAUS-1-1024x1024.jpeg\" alt=\"\" data-id=\"128\" data-full-url=\"http:\/\/michelgerard.deghorain.com\/wp-content\/uploads\/2020\/04\/A0FDAA41-CAC7-487C-89E2-53926E992504-Typhaine-FARAUS-1.jpeg\" data-link=\"http:\/\/michelgerard.deghorain.com\/index.php\/trombinoscope\/a0fdaa41-cac7-487c-89e2-53926e992504-typhaine-faraus-1\/\" class=\"wp-image-128\" srcset=\"https:\/\/michelgerard.deghorain.com\/wp-content\/uploads\/2020\/04\/A0FDAA41-CAC7-487C-89E2-53926E992504-Typhaine-FARAUS-1-1024x1024.jpeg 1024w, https:\/\/michelgerard.deghorain.com\/wp-content\/uploads\/2020\/04\/A0FDAA41-CAC7-487C-89E2-53926E992504-Typhaine-FARAUS-1-300x300.jpeg 300w, https:\/\/michelgerard.deghorain.com\/wp-content\/uploads\/2020\/04\/A0FDAA41-CAC7-487C-89E2-53926E992504-Typhaine-FARAUS-1-150x150.jpeg 150w, https:\/\/michelgerard.deghorain.com\/wp-content\/uploads\/2020\/04\/A0FDAA41-CAC7-487C-89E2-53926E992504-Typhaine-FARAUS-1-768x768.jpeg 768w, https:\/\/michelgerard.deghorain.com\/wp-content\/uploads\/2020\/04\/A0FDAA41-CAC7-487C-89E2-53926E992504-Typhaine-FARAUS-1-1536x1536.jpeg 1536w, https:\/\/michelgerard.deghorain.com\/wp-content\/uploads\/2020\/04\/A0FDAA41-CAC7-487C-89E2-53926E992504-Typhaine-FARAUS-1-2048x2048.jpeg 2048w\" sizes=\"auto, (max-width: 1024px) 100vw, 1024px\" \/><\/a><figcaption class=\"blocks-gallery-item__caption\">Typhaine, Lo\u00efc, Margaux et Simon<br>21 bis rue michel Gerard<\/figcaption><\/figure><\/li><\/ul><\/figure>\n","protected":false},"excerpt":{"rendered":"<p>Sur une id\u00e9e d\u2019Aur\u00e9lie Lerebourg, ce trombinoscope rassemble les frimousses de la communaut\u00e9 de Michel G\u00e9rard. Il permet de mettre des visages sur des noms, et \u00e9ventuellement de faire plus ample connaissance avant la f\u00eate des voisins post-confinement ! \ud83d\ude09 C\u2019est cool! Il y a du monde dans le groupe WhatsApp des voisins! On ne [&hellip;]<\/p>\n","protected":false},"author":1,"featured_media":0,"parent":0,"menu_order":0,"comment_status":"closed","ping_status":"closed","template":"","meta":{"footnotes":""},"class_list":["post-18","page","type-page","status-publish","hentry"],"_links":{"self":[{"href":"https:\/\/michelgerard.deghorain.com\/index.php\/wp-json\/wp\/v2\/pages\/18","targetHints":{"allow":["GET"]}}],"collection":[{"href":"https:\/\/michelgerard.deghorain.com\/index.php\/wp-json\/wp\/v2\/pages"}],"about":[{"href":"https:\/\/michelgerard.deghorain.com\/index.php\/wp-json\/wp\/v2\/types\/page"}],"author":[{"embeddable":true,"href":"https:\/\/michelgerard.deghorain.com\/index.php\/wp-json\/wp\/v2\/users\/1"}],"replies":[{"embeddable":true,"href":"https:\/\/michelgerard.deghorain.com\/index.php\/wp-json\/wp\/v2\/comments?post=18"}],"version-history":[{"count":10,"href":"https:\/\/michelgerard.deghorain.com\/index.php\/wp-json\/wp\/v2\/pages\/18\/revisions"}],"predecessor-version":[{"id":167,"href":"https:\/\/michelgerard.deghorain.com\/index.php\/wp-json\/wp\/v2\/pages\/18\/revisions\/167"}],"wp:attachment":[{"href":"https:\/\/michelgerard.deghorain.com\/index.php\/wp-json\/wp\/v2\/media?parent=18"}],"curies":[{"name":"wp","href":"https:\/\/api.w.org\/{rel}","templated":true}]}}