{"id":139,"date":"2020-05-01T13:25:31","date_gmt":"2020-05-01T11:25:31","guid":{"rendered":"http:\/\/michelgerard.deghorain.com\/?page_id=139"},"modified":"2020-05-01T13:42:54","modified_gmt":"2020-05-01T11:42:54","slug":"sources-dinformations","status":"publish","type":"page","link":"https:\/\/michelgerard.deghorain.com\/index.php\/sources-dinformations\/","title":{"rendered":"Sources d&rsquo;informations"},"content":{"rendered":"\n<p>Pour \u00e9laborer ce site internet, diff\u00e9rentes sources d&rsquo;information ont \u00e9t\u00e9 utilis\u00e9es. Les voici rassembl\u00e9es :<\/p>\n\n\n\n<ul class=\"wp-block-list\"><li>Article Ouest-France, Petites histoires autour de la ferme de la Fougerolle, 2022 @ <a href=\"https:\/\/www.ouest-france.fr\/bretagne\/rennes-35000\/petites-histoires-autour-de-la-ferme-de-la-fougerolle-1271949\" target=\"_blank\" rel=\"noreferrer noopener\">https:\/\/www.ouest-france.fr\/bretagne\/rennes-35000\/petites-histoires-autour-de-la-ferme-de-la-fougerolle-1271949<\/a><\/li><li>Site G\u00e9oportail de l&rsquo;IGN @ <a href=\"http:\/\/geoportail.gouv.fr\" target=\"_blank\" rel=\"noreferrer noopener\">http:\/\/geoportail.gouv.fr<\/a><\/li><\/ul>\n\n\n\n<p>D&rsquo;autres viendront compl\u00e9ter cette liste au fil du temps.<\/p>\n","protected":false},"excerpt":{"rendered":"<p>Pour \u00e9laborer ce site internet, diff\u00e9rentes sources d&rsquo;information ont \u00e9t\u00e9 utilis\u00e9es. Les voici rassembl\u00e9es : Article Ouest-France, Petites histoires autour de la ferme de la Fougerolle, 2022 @ https:\/\/www.ouest-france.fr\/bretagne\/rennes-35000\/petites-histoires-autour-de-la-ferme-de-la-fougerolle-1271949 Site G\u00e9oportail de l&rsquo;IGN @ http:\/\/geoportail.gouv.fr D&rsquo;autres viendront compl\u00e9ter cette liste au fil du temps.<\/p>\n","protected":false},"author":1,"featured_media":0,"parent":0,"menu_order":0,"comment_status":"closed","ping_status":"closed","template":"","meta":{"footnotes":""},"class_list":["post-139","page","type-page","status-publish","hentry"],"_links":{"self":[{"href":"https:\/\/michelgerard.deghorain.com\/index.php\/wp-json\/wp\/v2\/pages\/139","targetHints":{"allow":["GET"]}}],"collection":[{"href":"https:\/\/michelgerard.deghorain.com\/index.php\/wp-json\/wp\/v2\/pages"}],"about":[{"href":"https:\/\/michelgerard.deghorain.com\/index.php\/wp-json\/wp\/v2\/types\/page"}],"author":[{"embeddable":true,"href":"https:\/\/michelgerard.deghorain.com\/index.php\/wp-json\/wp\/v2\/users\/1"}],"replies":[{"embeddable":true,"href":"https:\/\/michelgerard.deghorain.com\/index.php\/wp-json\/wp\/v2\/comments?post=139"}],"version-history":[{"count":2,"href":"https:\/\/michelgerard.deghorain.com\/index.php\/wp-json\/wp\/v2\/pages\/139\/revisions"}],"predecessor-version":[{"id":142,"href":"https:\/\/michelgerard.deghorain.com\/index.php\/wp-json\/wp\/v2\/pages\/139\/revisions\/142"}],"wp:attachment":[{"href":"https:\/\/michelgerard.deghorain.com\/index.php\/wp-json\/wp\/v2\/media?parent=139"}],"curies":[{"name":"wp","href":"https:\/\/api.w.org\/{rel}","templated":true}]}}