{"id":10,"date":"2020-03-22T20:54:06","date_gmt":"2020-03-22T19:54:06","guid":{"rendered":"http:\/\/michelgerard.deghorain.com\/?page_id=10"},"modified":"2020-03-22T20:57:47","modified_gmt":"2020-03-22T19:57:47","slug":"lidee-dun-voisinage","status":"publish","type":"page","link":"https:\/\/michelgerard.deghorain.com\/","title":{"rendered":"L&rsquo;id\u00e9e d&rsquo;un voisinage"},"content":{"rendered":"\n<p>Cela faisait des ann\u00e9es que quelques voisins de la Rue Michel G\u00e9rard \u00e0 Montgermont lan\u00e7aient l\u2019id\u00e9e de cr\u00e9er une f\u00eate des voisins\u2026 L\u2019id\u00e9e \u00e9tait lanc\u00e9e\u2026 la volont\u00e9 y \u00e9tait\u2026 cool ! Encore fallait-il passer \u00e0 l\u2019action.<\/p>\n\n\n\n<p>La rue, par sa physionomie d\u2019un axe passant, \u00e0 la sortie (ou l\u2019entr\u00e9e) de Montgermont, n\u2019est pas particuli\u00e8rement propice aux activit\u00e9s habituelles de voisinage. Mais pourquoi ne pas changer cela ?<\/p>\n\n\n\n<p>Ainsi donc est n\u00e9 le groupe WhatsApp vers octobre 2019 pour l\u2019organisation de la f\u00eate des voisins de Michel G\u00e9rard, cet illustre citoyen, laboureur de la ferme du Tuel figure pittoresque de la r\u00e9volution, r\u00e9put\u00e9 pour avoir \u00e9t\u00e9 le seul paysan de France \u00e9lu aux \u00c9tats g\u00e9n\u00e9raux de 1789.<\/p>\n\n\n\n<p>Donc WhatsApp\u2026 et maintenant un site internet\u2026 avec du pass\u00e9 (l\u2019histoire du quartier), du pr\u00e9sent (ses habitants, le confinement COVID-19) et du futur (la f\u00eate des voisins de 2020 et pourquoi pas 2021, 2022,\u2026<\/p>\n\n\n\n<p>Enfin, \u00e0 vrai dire, nous, les habitants du quartier, en ferons ce que nous voudrons\u2026<\/p>\n","protected":false},"excerpt":{"rendered":"<p>Cela faisait des ann\u00e9es que quelques voisins de la Rue Michel G\u00e9rard \u00e0 Montgermont lan\u00e7aient l\u2019id\u00e9e de cr\u00e9er une f\u00eate des voisins\u2026 L\u2019id\u00e9e \u00e9tait lanc\u00e9e\u2026 la volont\u00e9 y \u00e9tait\u2026 cool ! Encore fallait-il passer \u00e0 l\u2019action. La rue, par sa physionomie d\u2019un axe passant, \u00e0 la sortie (ou l\u2019entr\u00e9e) de Montgermont, n\u2019est pas particuli\u00e8rement propice [&hellip;]<\/p>\n","protected":false},"author":1,"featured_media":0,"parent":0,"menu_order":0,"comment_status":"closed","ping_status":"closed","template":"","meta":{"footnotes":""},"class_list":["post-10","page","type-page","status-publish","hentry"],"_links":{"self":[{"href":"https:\/\/michelgerard.deghorain.com\/index.php\/wp-json\/wp\/v2\/pages\/10","targetHints":{"allow":["GET"]}}],"collection":[{"href":"https:\/\/michelgerard.deghorain.com\/index.php\/wp-json\/wp\/v2\/pages"}],"about":[{"href":"https:\/\/michelgerard.deghorain.com\/index.php\/wp-json\/wp\/v2\/types\/page"}],"author":[{"embeddable":true,"href":"https:\/\/michelgerard.deghorain.com\/index.php\/wp-json\/wp\/v2\/users\/1"}],"replies":[{"embeddable":true,"href":"https:\/\/michelgerard.deghorain.com\/index.php\/wp-json\/wp\/v2\/comments?post=10"}],"version-history":[{"count":2,"href":"https:\/\/michelgerard.deghorain.com\/index.php\/wp-json\/wp\/v2\/pages\/10\/revisions"}],"predecessor-version":[{"id":26,"href":"https:\/\/michelgerard.deghorain.com\/index.php\/wp-json\/wp\/v2\/pages\/10\/revisions\/26"}],"wp:attachment":[{"href":"https:\/\/michelgerard.deghorain.com\/index.php\/wp-json\/wp\/v2\/media?parent=10"}],"curies":[{"name":"wp","href":"https:\/\/api.w.org\/{rel}","templated":true}]}}